{"id":363,"date":"2023-08-03T08:01:45","date_gmt":"2023-08-03T08:01:45","guid":{"rendered":"https:\/\/victorangel.zipzapsocial.com\/?page_id=363"},"modified":"2023-09-27T07:14:45","modified_gmt":"2023-09-27T07:14:45","slug":"mi-camino","status":"publish","type":"page","link":"https:\/\/victor-angel.com\/ca\/mi-camino\/","title":{"rendered":"El meu cam\u00ed"},"content":{"rendered":"<div data-elementor-type=\"wp-page\" data-elementor-id=\"363\" class=\"elementor elementor-363\" data-elementor-post-type=\"page\">\n\t\t\t\t\t\t\t\t\t<section class=\"elementor-section elementor-top-section elementor-element elementor-element-6c4c82aa elementor-section-boxed elementor-section-height-default elementor-section-height-default\" data-id=\"6c4c82aa\" data-element_type=\"section\" data-settings=\"{&quot;background_background&quot;:&quot;classic&quot;,&quot;shape_divider_bottom&quot;:&quot;curve&quot;,&quot;jet_parallax_layout_list&quot;:[]}\" data-e-bg-lazyload=\"\">\n\t\t\t\t\t\t\t<div class=\"elementor-background-overlay\"><\/div>\n\t\t\t\t\t\t<div class=\"elementor-shape elementor-shape-bottom\" data-negative=\"false\">\n\t\t\t<svg xmlns=\"http:\/\/www.w3.org\/2000\/svg\" viewbox=\"0 0 1000 100\" preserveaspectratio=\"none\">\n    <path class=\"elementor-shape-fill\" d=\"M1000,4.3V0H0v4.3C0.9,23.1,126.7,99.2,500,100S1000,22.7,1000,4.3z\"\/>\n<\/svg>\t\t<\/div>\n\t\t\t\t\t<div class=\"elementor-container elementor-column-gap-default\">\n\t\t\t\t\t<div class=\"elementor-column elementor-col-100 elementor-top-column elementor-element elementor-element-42ce9a3f\" data-id=\"42ce9a3f\" data-element_type=\"column\">\n\t\t\t<div class=\"elementor-widget-wrap elementor-element-populated\">\n\t\t\t\t\t\t\t\t<div class=\"elementor-element elementor-element-3c63f048 elementor-widget elementor-widget-heading\" data-id=\"3c63f048\" data-element_type=\"widget\" data-widget_type=\"heading.default\">\n\t\t\t\t<div class=\"elementor-widget-container\">\n\t\t\t<style>\/*! elementor - v3.17.0 - 25-10-2023 *\/\n.elementor-heading-title{padding:0;margin:0;line-height:1}.elementor-widget-heading .elementor-heading-title[class*=elementor-size-]>a{color:inherit;font-size:inherit;line-height:inherit}.elementor-widget-heading .elementor-heading-title.elementor-size-small{font-size:15px}.elementor-widget-heading .elementor-heading-title.elementor-size-medium{font-size:19px}.elementor-widget-heading .elementor-heading-title.elementor-size-large{font-size:29px}.elementor-widget-heading .elementor-heading-title.elementor-size-xl{font-size:39px}.elementor-widget-heading .elementor-heading-title.elementor-size-xxl{font-size:59px}<\/style><h2 class=\"elementor-heading-title elementor-size-default\">El meu cam\u00ed \n<\/h2>\t\t<\/div>\n\t\t\t\t<\/div>\n\t\t\t\t<div class=\"elementor-element elementor-element-6e658be0 elementor-widget elementor-widget-text-editor\" data-id=\"6e658be0\" data-element_type=\"widget\" data-widget_type=\"text-editor.default\">\n\t\t\t\t<div class=\"elementor-widget-container\">\n\t\t\t<style>\/*! elementor - v3.17.0 - 25-10-2023 *\/\n.elementor-widget-text-editor.elementor-drop-cap-view-stacked .elementor-drop-cap{background-color:#69727d;color:#fff}.elementor-widget-text-editor.elementor-drop-cap-view-framed .elementor-drop-cap{color:#69727d;border:3px solid;background-color:transparent}.elementor-widget-text-editor:not(.elementor-drop-cap-view-default) .elementor-drop-cap{margin-top:8px}.elementor-widget-text-editor:not(.elementor-drop-cap-view-default) .elementor-drop-cap-letter{width:1em;height:1em}.elementor-widget-text-editor .elementor-drop-cap{float:left;text-align:center;line-height:1;font-size:50px}.elementor-widget-text-editor .elementor-drop-cap-letter{display:inline-block}<\/style>\t\t\t\t<p>Coneix al V\u00edctor \u00c0ngel<\/p>\t\t\t\t\t\t<\/div>\n\t\t\t\t<\/div>\n\t\t\t\t\t<\/div>\n\t\t<\/div>\n\t\t\t\t\t\t\t<\/div>\n\t\t<\/section>\n\t\t\t\t<section class=\"elementor-section elementor-top-section elementor-element elementor-element-68fffe7 elementor-section-boxed elementor-section-height-default elementor-section-height-default\" data-id=\"68fffe7\" data-element_type=\"section\" data-settings=\"{&quot;jet_parallax_layout_list&quot;:[]}\">\n\t\t\t\t\t\t<div class=\"elementor-container elementor-column-gap-default\">\n\t\t\t\t\t<div class=\"elementor-column elementor-col-100 elementor-top-column elementor-element elementor-element-4655f55\" data-id=\"4655f55\" data-element_type=\"column\">\n\t\t\t<div class=\"elementor-widget-wrap elementor-element-populated\">\n\t\t\t\t\t\t\t\t<div class=\"elementor-element elementor-element-4410975 elementor-widget elementor-widget-jet-timeline\" data-id=\"4410975\" data-element_type=\"widget\" data-widget_type=\"jet-timeline.default\">\n\t\t\t\t<div class=\"elementor-widget-container\">\n\t\t\t<div class=\"elementor-jet-timeline jet-elements\"><div class=\"jet-timeline jet-timeline--align-center jet-timeline--align-middle\">\n\t<div class=\"jet-timeline__line\"><div class=\"jet-timeline__line-progress\"><\/div><\/div>\n\t<div class=\"jet-timeline-list\"><div class=\"jet-timeline-item  elementor-repeater-item-ab8ef28 jet-timeline-item--image-inside\">\n\t<div class=\"timeline-item__card\">\n\t\t<div class=\"timeline-item__card-inner\">\n\t\t\t\t\t\t\t\t<div class=\"timeline-item__card-content\">\n\t\t\t\t\t<div class=\"timeline-item__meta\"><div class=\"timeline-item__meta-content\">    <img decoding=\"async\" src=\"https:\/\/victorangel.zipzapsocial.com\/wp-content\/uploads\/2023\/08\/Conoce-victor-angel.jpg\"><\/div><\/div><h5 class=\"timeline-item__card-title\">Coneix al V\u00edctor \u00c0ngel<\/h5><div class=\"timeline-item__card-desc\">Vaig n\u00e9ixer a Barcelona el 1974, soc un apassionat del desenvolupament personal i l'autoconeixement. Visc amb la meva parella i les meves dues filles, que s\u00f3n una font constant d'inspiraci\u00f3 en la meva vida personal i professional.\n<\/div>\t\t\t\t<\/div>\n\t\t\t\t\t\t<\/div>\n\t\t<div class=\"timeline-item__card-arrow\"><\/div>\n\t<\/div>\n\t<div class=\"timeline-item__point\"><div class=\"timeline-item__point-content timeline-item__point-content--icon\"><span class=\"jet-elements-icon\"><svg aria-hidden=\"true\" class=\"e-font-icon-svg e-fas-circle\" viewbox=\"0 0 512 512\" xmlns=\"http:\/\/www.w3.org\/2000\/svg\"><path d=\"M256 8C119 8 8 119 8 256s111 248 248 248 248-111 248-248S393 8 256 8z\"><\/path><\/svg><\/span><\/div><\/div><div class=\"timeline-item__meta\"><div class=\"timeline-item__meta-content\">    <img decoding=\"async\" src=\"https:\/\/victorangel.zipzapsocial.com\/wp-content\/uploads\/2023\/08\/Conoce-victor-angel.jpg\"><\/div><\/div><\/div><div class=\"jet-timeline-item  elementor-repeater-item-c0bf616 jet-timeline-item--image-inside\">\n\t<div class=\"timeline-item__card\">\n\t\t<div class=\"timeline-item__card-inner\">\n\t\t\t\t\t\t\t\t<div class=\"timeline-item__card-content\">\n\t\t\t\t\t<div class=\"timeline-item__meta\"><div class=\"timeline-item__meta-content\">    <img decoding=\"async\" src=\"https:\/\/victorangel.zipzapsocial.com\/wp-content\/uploads\/2023\/08\/gestalt.jpg\"><\/div><\/div><h5 class=\"timeline-item__card-title\">La meva cerca personal<\/h5><div class=\"timeline-item__card-desc\">La meva recerca personal de l'autoconeixement va comen\u00e7ar a la meva joventut amb el Ioga, una pr\u00e0ctica que, impulsada per una intu\u00efci\u00f3, es va convertir en un aspecte fonamental de la meva vida. Des del 2003, em dedico a l'ensenyament del Ioga, compartint la meva passi\u00f3 i experi\u00e8ncia amb altres. El 2014, vaig ampliar els meus horitzons professionals en endinsar-me al m\u00f3n de la Ter\u00e0pia Gestalt.\n<\/div>\t\t\t\t<\/div>\n\t\t\t\t\t\t<\/div>\n\t\t<div class=\"timeline-item__card-arrow\"><\/div>\n\t<\/div>\n\t<div class=\"timeline-item__point\"><div class=\"timeline-item__point-content timeline-item__point-content--icon\"><span class=\"jet-elements-icon\"><svg aria-hidden=\"true\" class=\"e-font-icon-svg e-fas-circle\" viewbox=\"0 0 512 512\" xmlns=\"http:\/\/www.w3.org\/2000\/svg\"><path d=\"M256 8C119 8 8 119 8 256s111 248 248 248 248-111 248-248S393 8 256 8z\"><\/path><\/svg><\/span><\/div><\/div><div class=\"timeline-item__meta\"><div class=\"timeline-item__meta-content\">    <img decoding=\"async\" src=\"https:\/\/victorangel.zipzapsocial.com\/wp-content\/uploads\/2023\/08\/gestalt.jpg\"><\/div><\/div><\/div><div class=\"jet-timeline-item  elementor-repeater-item-ff7fe3c jet-timeline-item--image-inside\">\n\t<div class=\"timeline-item__card\">\n\t\t<div class=\"timeline-item__card-inner\">\n\t\t\t\t\t\t\t\t<div class=\"timeline-item__card-content\">\n\t\t\t\t\t<div class=\"timeline-item__meta\"><div class=\"timeline-item__meta-content\">    <img decoding=\"async\" src=\"https:\/\/victorangel.zipzapsocial.com\/wp-content\/uploads\/2023\/08\/eneagrama.jpg\"><\/div><\/div><h5 class=\"timeline-item__card-title\">Eneagrama i Bioenerg\u00e8tica<\/h5><div class=\"timeline-item__card-desc\">Tamb\u00e9 m'he format en Eneagrama i Bioenerg\u00e8tica. El meu ampli coneixement i habilitats em permeten guiar altres persones en els seus propis viatges d'autoconeixement i creixement personal.\n<\/div>\t\t\t\t<\/div>\n\t\t\t\t\t\t<\/div>\n\t\t<div class=\"timeline-item__card-arrow\"><\/div>\n\t<\/div>\n\t<div class=\"timeline-item__point\"><div class=\"timeline-item__point-content timeline-item__point-content--icon\"><span class=\"jet-elements-icon\"><svg aria-hidden=\"true\" class=\"e-font-icon-svg e-fas-circle\" viewbox=\"0 0 512 512\" xmlns=\"http:\/\/www.w3.org\/2000\/svg\"><path d=\"M256 8C119 8 8 119 8 256s111 248 248 248 248-111 248-248S393 8 256 8z\"><\/path><\/svg><\/span><\/div><\/div><div class=\"timeline-item__meta\"><div class=\"timeline-item__meta-content\">    <img decoding=\"async\" src=\"https:\/\/victorangel.zipzapsocial.com\/wp-content\/uploads\/2023\/08\/eneagrama.jpg\"><\/div><\/div><\/div><div class=\"jet-timeline-item  elementor-repeater-item-4cdc10e jet-timeline-item--image-inside\">\n\t<div class=\"timeline-item__card\">\n\t\t<div class=\"timeline-item__card-inner\">\n\t\t\t\t\t\t\t\t<div class=\"timeline-item__card-content\">\n\t\t\t\t\t<div class=\"timeline-item__meta\"><div class=\"timeline-item__meta-content\"><a href=\"https:\/\/www.inner-sense.es\/\">     <img decoding=\"async\" src=\"https:\/\/victorangel.zipzapsocial.com\/wp-content\/uploads\/2023\/08\/logo-inner.jpg\" alt=\"Inner Sense\"> <\/a><br> <a href=\"https:\/\/esstim.com\/\">     <img decoding=\"async\" src=\"https:\/\/victorangel.zipzapsocial.com\/wp-content\/uploads\/2023\/08\/esstim1.jpg\" alt=\"Esstim\"> <\/a><\/div><\/div><h5 class=\"timeline-item__card-title\">Camp del benestar<\/h5><div class=\"timeline-item__card-desc\">Paral\u00b7lelament a la meva feina en el camp del benestar, soc llicenciat en Administraci\u00f3 i Direcci\u00f3 d'Empreses i dirigeixo dues empreses: Inner Sense i Esstim. La meva experi\u00e8ncia empresarial i la meva traject\u00f2ria en l'\u00e0mbit del desenvolupament personal s'uneixen per oferir-te una experi\u00e8ncia \u00fanica i transformadora.\n<\/div>\t\t\t\t<\/div>\n\t\t\t\t\t\t<\/div>\n\t\t<div class=\"timeline-item__card-arrow\"><\/div>\n\t<\/div>\n\t<div class=\"timeline-item__point\"><div class=\"timeline-item__point-content timeline-item__point-content--icon\"><span class=\"jet-elements-icon\"><svg aria-hidden=\"true\" class=\"e-font-icon-svg e-fas-circle\" viewbox=\"0 0 512 512\" xmlns=\"http:\/\/www.w3.org\/2000\/svg\"><path d=\"M256 8C119 8 8 119 8 256s111 248 248 248 248-111 248-248S393 8 256 8z\"><\/path><\/svg><\/span><\/div><\/div><div class=\"timeline-item__meta\"><div class=\"timeline-item__meta-content\"><a href=\"https:\/\/www.inner-sense.es\/\">     <img decoding=\"async\" src=\"https:\/\/victorangel.zipzapsocial.com\/wp-content\/uploads\/2023\/08\/logo-inner.jpg\" alt=\"Inner Sense\"> <\/a><br> <a href=\"https:\/\/esstim.com\/\">     <img decoding=\"async\" src=\"https:\/\/victorangel.zipzapsocial.com\/wp-content\/uploads\/2023\/08\/esstim1.jpg\" alt=\"Esstim\"> <\/a><\/div><\/div><\/div><\/div><\/div><\/div>\t\t<\/div>\n\t\t\t\t<\/div>\n\t\t\t\t\t<\/div>\n\t\t<\/div>\n\t\t\t\t\t\t\t<\/div>\n\t\t<\/section>\n\t\t\t\t\t\t\t<\/div>","protected":false},"excerpt":{"rendered":"<p>Mi camino Conoce a Victor Angel Conoce a Victor Angel Nac\u00ed en Barcelona en 1974, soy un apasionado del desarrollo personal y el autoconocimiento. Vivo junto a mi pareja y mis dos hijas, quienes son una fuente constante de inspiraci\u00f3n en mi vida personal y profesional. Mi b\u00fasqueda personal Mi b\u00fasqueda personal del autoconocimiento comenz\u00f3 [&hellip;]<\/p>","protected":false},"author":1,"featured_media":0,"parent":0,"menu_order":0,"comment_status":"closed","ping_status":"closed","template":"elementor_header_footer","meta":{"footnotes":"","_joinchat":[]},"_links":{"self":[{"href":"https:\/\/victor-angel.com\/ca\/wp-json\/wp\/v2\/pages\/363"}],"collection":[{"href":"https:\/\/victor-angel.com\/ca\/wp-json\/wp\/v2\/pages"}],"about":[{"href":"https:\/\/victor-angel.com\/ca\/wp-json\/wp\/v2\/types\/page"}],"author":[{"embeddable":true,"href":"https:\/\/victor-angel.com\/ca\/wp-json\/wp\/v2\/users\/1"}],"replies":[{"embeddable":true,"href":"https:\/\/victor-angel.com\/ca\/wp-json\/wp\/v2\/comments?post=363"}],"version-history":[{"count":139,"href":"https:\/\/victor-angel.com\/ca\/wp-json\/wp\/v2\/pages\/363\/revisions"}],"predecessor-version":[{"id":1074,"href":"https:\/\/victor-angel.com\/ca\/wp-json\/wp\/v2\/pages\/363\/revisions\/1074"}],"wp:attachment":[{"href":"https:\/\/victor-angel.com\/ca\/wp-json\/wp\/v2\/media?parent=363"}],"curies":[{"name":"wp","href":"https:\/\/api.w.org\/{rel}","templated":true}]}}