{"id":293,"date":"2023-08-03T07:25:34","date_gmt":"2023-08-03T07:25:34","guid":{"rendered":"https:\/\/victorangel.zipzapsocial.com\/?page_id=293"},"modified":"2023-09-21T11:55:47","modified_gmt":"2023-09-21T11:55:47","slug":"sesiones","status":"publish","type":"page","link":"https:\/\/victor-angel.com\/ca\/sesiones\/","title":{"rendered":"Sessions"},"content":{"rendered":"<div data-elementor-type=\"wp-page\" data-elementor-id=\"293\" class=\"elementor elementor-293\" data-elementor-post-type=\"page\">\n\t\t\t\t\t\t\t\t\t<section class=\"elementor-section elementor-top-section elementor-element elementor-element-36aa6039 elementor-section-boxed elementor-section-height-default elementor-section-height-default\" data-id=\"36aa6039\" data-element_type=\"section\" data-settings=\"{&quot;background_background&quot;:&quot;classic&quot;,&quot;shape_divider_bottom&quot;:&quot;curve&quot;,&quot;jet_parallax_layout_list&quot;:[]}\" data-e-bg-lazyload=\"\">\n\t\t\t\t\t\t\t<div class=\"elementor-background-overlay\"><\/div>\n\t\t\t\t\t\t<div class=\"elementor-shape elementor-shape-bottom\" data-negative=\"false\">\n\t\t\t<svg xmlns=\"http:\/\/www.w3.org\/2000\/svg\" viewbox=\"0 0 1000 100\" preserveaspectratio=\"none\">\n    <path class=\"elementor-shape-fill\" d=\"M1000,4.3V0H0v4.3C0.9,23.1,126.7,99.2,500,100S1000,22.7,1000,4.3z\"\/>\n<\/svg>\t\t<\/div>\n\t\t\t\t\t<div class=\"elementor-container elementor-column-gap-default\">\n\t\t\t\t\t<div class=\"elementor-column elementor-col-100 elementor-top-column elementor-element elementor-element-2e32641b\" data-id=\"2e32641b\" data-element_type=\"column\">\n\t\t\t<div class=\"elementor-widget-wrap elementor-element-populated\">\n\t\t\t\t\t\t\t\t<div class=\"elementor-element elementor-element-719d500e elementor-widget elementor-widget-heading\" data-id=\"719d500e\" data-element_type=\"widget\" data-widget_type=\"heading.default\">\n\t\t\t\t<div class=\"elementor-widget-container\">\n\t\t\t<style>\/*! elementor - v3.17.0 - 25-10-2023 *\/\n.elementor-heading-title{padding:0;margin:0;line-height:1}.elementor-widget-heading .elementor-heading-title[class*=elementor-size-]>a{color:inherit;font-size:inherit;line-height:inherit}.elementor-widget-heading .elementor-heading-title.elementor-size-small{font-size:15px}.elementor-widget-heading .elementor-heading-title.elementor-size-medium{font-size:19px}.elementor-widget-heading .elementor-heading-title.elementor-size-large{font-size:29px}.elementor-widget-heading .elementor-heading-title.elementor-size-xl{font-size:39px}.elementor-widget-heading .elementor-heading-title.elementor-size-xxl{font-size:59px}<\/style><h2 class=\"elementor-heading-title elementor-size-default\">Sessions<\/h2>\t\t<\/div>\n\t\t\t\t<\/div>\n\t\t\t\t<div class=\"elementor-element elementor-element-68e7f94f elementor-widget elementor-widget-text-editor\" data-id=\"68e7f94f\" data-element_type=\"widget\" data-widget_type=\"text-editor.default\">\n\t\t\t\t<div class=\"elementor-widget-container\">\n\t\t\t<style>\/*! elementor - v3.17.0 - 25-10-2023 *\/\n.elementor-widget-text-editor.elementor-drop-cap-view-stacked .elementor-drop-cap{background-color:#69727d;color:#fff}.elementor-widget-text-editor.elementor-drop-cap-view-framed .elementor-drop-cap{color:#69727d;border:3px solid;background-color:transparent}.elementor-widget-text-editor:not(.elementor-drop-cap-view-default) .elementor-drop-cap{margin-top:8px}.elementor-widget-text-editor:not(.elementor-drop-cap-view-default) .elementor-drop-cap-letter{width:1em;height:1em}.elementor-widget-text-editor .elementor-drop-cap{float:left;text-align:center;line-height:1;font-size:50px}.elementor-widget-text-editor .elementor-drop-cap-letter{display:inline-block}<\/style>\t\t\t\t<p class=\" translation-block\">Els serveis i enfocaments terap\u00e8utics que oferim estan dissenyats per ajudar-te <br> a assolir el benestar i l'autorealitzaci\u00f3<\/p>\t\t\t\t\t\t<\/div>\n\t\t\t\t<\/div>\n\t\t\t\t\t<\/div>\n\t\t<\/div>\n\t\t\t\t\t\t\t<\/div>\n\t\t<\/section>\n\t\t\t\t<section class=\"elementor-section elementor-top-section elementor-element elementor-element-4f7bde7a elementor-section-boxed elementor-section-height-default elementor-section-height-default\" data-id=\"4f7bde7a\" data-element_type=\"section\" data-settings=\"{&quot;jet_parallax_layout_list&quot;:[]}\">\n\t\t\t\t\t\t<div class=\"elementor-container elementor-column-gap-default\">\n\t\t\t\t\t<div class=\"elementor-column elementor-col-100 elementor-top-column elementor-element elementor-element-78ff2ead\" data-id=\"78ff2ead\" data-element_type=\"column\">\n\t\t\t<div class=\"elementor-widget-wrap elementor-element-populated\">\n\t\t\t\t\t\t\t\t<div class=\"elementor-element elementor-element-21385eb2 elementor-widget elementor-widget-text-editor\" data-id=\"21385eb2\" data-element_type=\"widget\" data-widget_type=\"text-editor.default\">\n\t\t\t\t<div class=\"elementor-widget-container\">\n\t\t\t\t\t\t\t<p class=\" translation-block\">El nostre objectiu \u00e9s proporcionar-te les eines i el suport que necessites<br> per desentranyar les teves emocions, pensaments i patrons de comportament, <br>permetent cr\u00e9ixer i evolucionar en la teva vida personal i professional.<\/p>\t\t\t\t\t\t<\/div>\n\t\t\t\t<\/div>\n\t\t\t\t\t<\/div>\n\t\t<\/div>\n\t\t\t\t\t\t\t<\/div>\n\t\t<\/section>\n\t\t\t\t<section class=\"elementor-section elementor-top-section elementor-element elementor-element-1a7c393 elementor-section-boxed elementor-section-height-default elementor-section-height-default\" data-id=\"1a7c393\" data-element_type=\"section\" data-settings=\"{&quot;jet_parallax_layout_list&quot;:[]}\">\n\t\t\t\t\t\t<div class=\"elementor-container elementor-column-gap-default\">\n\t\t\t\t\t<div class=\"elementor-column elementor-col-100 elementor-top-column elementor-element elementor-element-a6bf1ba\" data-id=\"a6bf1ba\" data-element_type=\"column\">\n\t\t\t<div class=\"elementor-widget-wrap elementor-element-populated\">\n\t\t\t\t\t\t\t\t<div class=\"elementor-element elementor-element-45e9ac5 elementor-widget elementor-widget-heading\" data-id=\"45e9ac5\" data-element_type=\"widget\" data-widget_type=\"heading.default\">\n\t\t\t\t<div class=\"elementor-widget-container\">\n\t\t\t<h2 class=\"elementor-heading-title elementor-size-default\">Serveis<\/h2>\t\t<\/div>\n\t\t\t\t<\/div>\n\t\t\t\t\t<\/div>\n\t\t<\/div>\n\t\t\t\t\t\t\t<\/div>\n\t\t<\/section>\n\t\t\t\t<section class=\"elementor-section elementor-top-section elementor-element elementor-element-1a1a9cbe elementor-section-full_width elementor-reverse-tablet elementor-reverse-mobile elementor-section-height-default elementor-section-height-default\" data-id=\"1a1a9cbe\" data-element_type=\"section\" data-settings=\"{&quot;jet_parallax_layout_list&quot;:[]}\">\n\t\t\t\t\t\t<div class=\"elementor-container elementor-column-gap-default\">\n\t\t\t\t\t<div class=\"elementor-column elementor-col-50 elementor-top-column elementor-element elementor-element-5dea2cf0\" data-id=\"5dea2cf0\" data-element_type=\"column\" data-settings=\"{&quot;background_background&quot;:&quot;classic&quot;}\">\n\t\t\t<div class=\"elementor-widget-wrap elementor-element-populated\">\n\t\t\t\t\t\t\t\t<div class=\"elementor-element elementor-element-24962fa elementor-widget elementor-widget-image\" data-id=\"24962fa\" data-element_type=\"widget\" data-widget_type=\"image.default\">\n\t\t\t\t<div class=\"elementor-widget-container\">\n\t\t\t<style>\/*! elementor - v3.17.0 - 25-10-2023 *\/\n.elementor-widget-image{text-align:center}.elementor-widget-image a{display:inline-block}.elementor-widget-image a img[src$=\".svg\"]{width:48px}.elementor-widget-image img{vertical-align:middle;display:inline-block}<\/style>\t\t\t\t\t\t\t\t\t\t\t\t<img decoding=\"async\" loading=\"lazy\" width=\"756\" height=\"696\" src=\"https:\/\/victor-angel.com\/wp-content\/uploads\/2023\/08\/shutterstock_249383902-1.png\" class=\"attachment-large size-large wp-image-337\" alt=\"\" srcset=\"https:\/\/victor-angel.com\/wp-content\/uploads\/2023\/08\/shutterstock_249383902-1.png 756w, https:\/\/victor-angel.com\/wp-content\/uploads\/2023\/08\/shutterstock_249383902-1-300x276.png 300w\" sizes=\"(max-width: 756px) 100vw, 756px\" \/>\t\t\t\t\t\t\t\t\t\t\t\t\t\t\t<\/div>\n\t\t\t\t<\/div>\n\t\t\t\t\t<\/div>\n\t\t<\/div>\n\t\t\t\t<div class=\"elementor-column elementor-col-50 elementor-top-column elementor-element elementor-element-5754e1f1\" data-id=\"5754e1f1\" data-element_type=\"column\" data-settings=\"{&quot;background_background&quot;:&quot;classic&quot;}\">\n\t\t\t<div class=\"elementor-widget-wrap elementor-element-populated\">\n\t\t\t\t\t\t\t\t<div class=\"elementor-element elementor-element-44d5be2d elementor-widget elementor-widget-heading\" data-id=\"44d5be2d\" data-element_type=\"widget\" data-widget_type=\"heading.default\">\n\t\t\t\t<div class=\"elementor-widget-container\">\n\t\t\t<h2 class=\"elementor-heading-title elementor-size-default\">Treball individual<\/h2>\t\t<\/div>\n\t\t\t\t<\/div>\n\t\t\t\t<div class=\"elementor-element elementor-element-fc78092 elementor-widget elementor-widget-heading\" data-id=\"fc78092\" data-element_type=\"widget\" data-widget_type=\"heading.default\">\n\t\t\t\t<div class=\"elementor-widget-container\">\n\t\t\t<h2 class=\"elementor-heading-title elementor-size-default\">El teu espai per al creixement personal<\/h2>\t\t<\/div>\n\t\t\t\t<\/div>\n\t\t\t\t<div class=\"elementor-element elementor-element-347cc6a elementor-widget elementor-widget-text-editor\" data-id=\"347cc6a\" data-element_type=\"widget\" data-widget_type=\"text-editor.default\">\n\t\t\t\t<div class=\"elementor-widget-container\">\n\t\t\t\t\t\t\t<p>Les sessions de treball individual us ofereixen un espai segur i personalitzat, on sou el protagonista del vostre propi proc\u00e9s d'autoconeixement i autorealitzaci\u00f3. En aquest entorn de confian\u00e7a, podr\u00e0s aprofundir en les teves emocions, pensaments i intu\u00efcions, permetent explorar les teves virtuts i enfrontar-te a les teves ombres.<\/p><p>Connectar\u00e0s amb el teu cos, prestar\u00e0s atenci\u00f3 als teus pensaments i permetr\u00e0s que flueixi el teu m\u00f3n emocional en un espai enfocat al moment present.<\/p><p>Fem servir un enfocament terap\u00e8utic humanista, basat en la Gestalt i la Bioenerg\u00e8tica, que fomenta la confian\u00e7a en la tend\u00e8ncia humana cap a l'autorealitzaci\u00f3.\u00a0<\/p>\t\t\t\t\t\t<\/div>\n\t\t\t\t<\/div>\n\t\t\t\t<div class=\"elementor-element elementor-element-7c9550f elementor-widget elementor-widget-text-editor\" data-id=\"7c9550f\" data-element_type=\"widget\" data-widget_type=\"text-editor.default\">\n\t\t\t\t<div class=\"elementor-widget-container\">\n\t\t\t\t\t\t\t<p>No esperis m\u00e9s per iniciar el teu cam\u00ed cap al creixement personal i la transformaci\u00f3. Comen\u00e7a la teva experi\u00e8ncia de treball individual amb el V\u00edctor \u00c0ngel avui mateix.<\/p>\t\t\t\t\t\t<\/div>\n\t\t\t\t<\/div>\n\t\t\t\t\t<\/div>\n\t\t<\/div>\n\t\t\t\t\t\t\t<\/div>\n\t\t<\/section>\n\t\t\t\t<section class=\"elementor-section elementor-top-section elementor-element elementor-element-b09f1ff elementor-section-full_width elementor-section-height-default elementor-section-height-default\" data-id=\"b09f1ff\" data-element_type=\"section\" data-settings=\"{&quot;jet_parallax_layout_list&quot;:[]}\">\n\t\t\t\t\t\t<div class=\"elementor-container elementor-column-gap-default\">\n\t\t\t\t\t<div class=\"elementor-column elementor-col-50 elementor-top-column elementor-element elementor-element-58e3c76\" data-id=\"58e3c76\" data-element_type=\"column\" data-settings=\"{&quot;background_background&quot;:&quot;classic&quot;}\">\n\t\t\t<div class=\"elementor-widget-wrap elementor-element-populated\">\n\t\t\t\t\t\t\t\t<div class=\"elementor-element elementor-element-39d18ba elementor-widget elementor-widget-heading\" data-id=\"39d18ba\" data-element_type=\"widget\" data-widget_type=\"heading.default\">\n\t\t\t\t<div class=\"elementor-widget-container\">\n\t\t\t<h2 class=\"elementor-heading-title elementor-size-default\">Sessions de ioga<\/h2>\t\t<\/div>\n\t\t\t\t<\/div>\n\t\t\t\t<div class=\"elementor-element elementor-element-32defea elementor-widget elementor-widget-heading\" data-id=\"32defea\" data-element_type=\"widget\" data-widget_type=\"heading.default\">\n\t\t\t\t<div class=\"elementor-widget-container\">\n\t\t\t<h2 class=\"elementor-heading-title elementor-size-default\">Reconnecta amb tu mateix\/a<\/h2>\t\t<\/div>\n\t\t\t\t<\/div>\n\t\t\t\t<div class=\"elementor-element elementor-element-a5e4a95 elementor-widget elementor-widget-text-editor\" data-id=\"a5e4a95\" data-element_type=\"widget\" data-widget_type=\"text-editor.default\">\n\t\t\t\t<div class=\"elementor-widget-container\">\n\t\t\t\t\t\t\t<p class=\" translation-block\">A les sessions de Ioga, et convidem a prendre't un descans de la rutina di\u00e0ria i gaudir d'un moment de connexi\u00f3 amb tu mateix\/a. Aprofita les nostres classes de Ioga al migdia, ideals per desconnectar de l'estr\u00e8s i les preocupacions, mentre dediques un temps valu\u00f3s per cuidar el teu cos, la ment i l'esperit.<\/p><p>Uneix-te a les sessions de Ioga amb el V\u00edctor \u00c0ngel i comen\u00e7a a transformar la teva vida, una salutaci\u00f3 al sol alhora.<\/p>\t\t\t\t\t\t<\/div>\n\t\t\t\t<\/div>\n\t\t\t\t<div class=\"elementor-element elementor-element-7b4f01d elementor-widget elementor-widget-text-editor\" data-id=\"7b4f01d\" data-element_type=\"widget\" data-widget_type=\"text-editor.default\">\n\t\t\t\t<div class=\"elementor-widget-container\">\n\t\t\t\t\t\t\t<p class=\" translation-block\">Subscriu-te al meu canal de YouTube per aprofundir en tu i en la pr\u00e0ctica del Ioga.<\/p>\t\t\t\t\t\t<\/div>\n\t\t\t\t<\/div>\n\t\t\t\t<div class=\"elementor-element elementor-element-c7f2103 elementor-widget elementor-widget-button\" data-id=\"c7f2103\" data-element_type=\"widget\" data-widget_type=\"button.default\">\n\t\t\t\t<div class=\"elementor-widget-container\">\n\t\t\t\t\t<div class=\"elementor-button-wrapper\">\n\t\t\t<a class=\"elementor-button elementor-button-link elementor-size-sm\" href=\"https:\/\/www.youtube.com\/@VictorAngel\" target=\"_blank\">\n\t\t\t\t\t\t<span class=\"elementor-button-content-wrapper\">\n\t\t\t\t\t\t<span class=\"elementor-button-text\">El meu canal de YouTube <img decoding=\"async\" src=\"https:\/\/victorangel.zipzapsocial.com\/wp-content\/uploads\/2023\/08\/Arrow-7.svg\" alt=\"Flecha\" class=\"svg-icon\" style=\"width: 40px; margin: 0 0px -2px 20px;\"><\/span>\n\t\t<\/span>\n\t\t\t\t\t<\/a>\n\t\t<\/div>\n\t\t\t\t<\/div>\n\t\t\t\t<\/div>\n\t\t\t\t\t<\/div>\n\t\t<\/div>\n\t\t\t\t<div class=\"elementor-column elementor-col-50 elementor-top-column elementor-element elementor-element-e85ba6a\" data-id=\"e85ba6a\" data-element_type=\"column\" data-settings=\"{&quot;background_background&quot;:&quot;classic&quot;}\">\n\t\t\t<div class=\"elementor-widget-wrap elementor-element-populated\">\n\t\t\t\t\t\t\t\t<div class=\"elementor-element elementor-element-20d4361 elementor-widget elementor-widget-image\" data-id=\"20d4361\" data-element_type=\"widget\" data-widget_type=\"image.default\">\n\t\t\t\t<div class=\"elementor-widget-container\">\n\t\t\t\t\t\t\t\t\t\t\t\t\t\t\t<img decoding=\"async\" loading=\"lazy\" width=\"756\" height=\"696\" src=\"https:\/\/victor-angel.com\/wp-content\/uploads\/2023\/08\/shutterstock_2089708429-2.png\" class=\"attachment-large size-large wp-image-318\" alt=\"\" srcset=\"https:\/\/victor-angel.com\/wp-content\/uploads\/2023\/08\/shutterstock_2089708429-2.png 756w, https:\/\/victor-angel.com\/wp-content\/uploads\/2023\/08\/shutterstock_2089708429-2-300x276.png 300w\" sizes=\"(max-width: 756px) 100vw, 756px\" \/>\t\t\t\t\t\t\t\t\t\t\t\t\t\t\t<\/div>\n\t\t\t\t<\/div>\n\t\t\t\t\t<\/div>\n\t\t<\/div>\n\t\t\t\t\t\t\t<\/div>\n\t\t<\/section>\n\t\t\t\t<section class=\"elementor-section elementor-top-section elementor-element elementor-element-4d4ef41 elementor-section-full_width elementor-reverse-tablet elementor-reverse-mobile elementor-section-height-default elementor-section-height-default\" data-id=\"4d4ef41\" data-element_type=\"section\" data-settings=\"{&quot;jet_parallax_layout_list&quot;:[]}\">\n\t\t\t\t\t\t<div class=\"elementor-container elementor-column-gap-default\">\n\t\t\t\t\t<div class=\"elementor-column elementor-col-50 elementor-top-column elementor-element elementor-element-73d9dc0\" data-id=\"73d9dc0\" data-element_type=\"column\" data-settings=\"{&quot;background_background&quot;:&quot;classic&quot;}\">\n\t\t\t<div class=\"elementor-widget-wrap elementor-element-populated\">\n\t\t\t\t\t\t\t\t<div class=\"elementor-element elementor-element-2e87622 elementor-widget elementor-widget-image\" data-id=\"2e87622\" data-element_type=\"widget\" data-widget_type=\"image.default\">\n\t\t\t\t<div class=\"elementor-widget-container\">\n\t\t\t\t\t\t\t\t\t\t\t\t\t\t\t<img decoding=\"async\" loading=\"lazy\" width=\"756\" height=\"749\" src=\"https:\/\/victor-angel.com\/wp-content\/uploads\/2023\/08\/shutterstock_435694195-1.png\" class=\"attachment-large size-large wp-image-344\" alt=\"\" srcset=\"https:\/\/victor-angel.com\/wp-content\/uploads\/2023\/08\/shutterstock_435694195-1.png 756w, https:\/\/victor-angel.com\/wp-content\/uploads\/2023\/08\/shutterstock_435694195-1-300x297.png 300w, https:\/\/victor-angel.com\/wp-content\/uploads\/2023\/08\/shutterstock_435694195-1-150x150.png 150w\" sizes=\"(max-width: 756px) 100vw, 756px\" \/>\t\t\t\t\t\t\t\t\t\t\t\t\t\t\t<\/div>\n\t\t\t\t<\/div>\n\t\t\t\t\t<\/div>\n\t\t<\/div>\n\t\t\t\t<div class=\"elementor-column elementor-col-50 elementor-top-column elementor-element elementor-element-f0b9195\" data-id=\"f0b9195\" data-element_type=\"column\" data-settings=\"{&quot;background_background&quot;:&quot;classic&quot;}\">\n\t\t\t<div class=\"elementor-widget-wrap elementor-element-populated\">\n\t\t\t\t\t\t\t\t<div class=\"elementor-element elementor-element-265e7df elementor-widget elementor-widget-heading\" data-id=\"265e7df\" data-element_type=\"widget\" data-widget_type=\"heading.default\">\n\t\t\t\t<div class=\"elementor-widget-container\">\n\t\t\t<h2 class=\"elementor-heading-title elementor-size-default\">Serveis per a empreses<\/h2>\t\t<\/div>\n\t\t\t\t<\/div>\n\t\t\t\t<div class=\"elementor-element elementor-element-f967145 elementor-widget elementor-widget-heading\" data-id=\"f967145\" data-element_type=\"widget\" data-widget_type=\"heading.default\">\n\t\t\t\t<div class=\"elementor-widget-container\">\n\t\t\t<h2 class=\"elementor-heading-title elementor-size-default\">Benestar i desenvolupament personal a l'entorn laboral<\/h2>\t\t<\/div>\n\t\t\t\t<\/div>\n\t\t\t\t<div class=\"elementor-element elementor-element-2c0a95e elementor-widget elementor-widget-text-editor\" data-id=\"2c0a95e\" data-element_type=\"widget\" data-widget_type=\"text-editor.default\">\n\t\t\t\t<div class=\"elementor-widget-container\">\n\t\t\t\t\t\t\t<p>Aquest tipus de sessions s'enfoquen a portar el benestar i el desenvolupament personal a l'\u00e0mbit laboral. Gr\u00e0cies a la nostra experi\u00e8ncia combinada dins el m\u00f3n empresarial i el desenvolupament personal, juntament amb Janet Cheung, hem creat Inner Sense, una empresa especialitzada a proporcionar serveis de benestar per a organitzacions i esdeveniments.<\/p><p>Entenem la import\u00e0ncia de cuidar el benestar f\u00edsic i emocional dels empleats\/ades, ja que aix\u00f2 es tradueix en un millor rendiment, una satisfacci\u00f3 laboral m\u00e9s gran i un ambient de treball m\u00e9s saludable. Els nostres serveis per a empreses estan dissenyats per ajudar els empleats\/ades a fer servir l'estr\u00e8s, millorar la comunicaci\u00f3, fomentar el treball en equip i promoure l'equilibri entre la vida laboral i personal.<\/p>\t\t\t\t\t\t<\/div>\n\t\t\t\t<\/div>\n\t\t\t\t<div class=\"elementor-element elementor-element-a9f430f elementor-widget elementor-widget-text-editor\" data-id=\"a9f430f\" data-element_type=\"widget\" data-widget_type=\"text-editor.default\">\n\t\t\t\t<div class=\"elementor-widget-container\">\n\t\t\t\t\t\t\t<p><strong>Permet-nos portar el benestar i el desenvolupament personal a la teva organitzaci\u00f3. Descobreix com el V\u00edctor \u00c0ngel pot transformar el teu entorn laboral i potenciar l'\u00e8xit del teu equip.<\/strong> Descubre c\u00f3mo Victor \u00c1ngel pueden transformar tu entorno laboral y potenciar el \u00e9xito de tu equipo.<\/p>\t\t\t\t\t\t<\/div>\n\t\t\t\t<\/div>\n\t\t\t\t\t<\/div>\n\t\t<\/div>\n\t\t\t\t\t\t\t<\/div>\n\t\t<\/section>\n\t\t\t\t<section class=\"elementor-section elementor-top-section elementor-element elementor-element-cdf9f2c elementor-section-full_width elementor-section-height-default elementor-section-height-default\" data-id=\"cdf9f2c\" data-element_type=\"section\" data-settings=\"{&quot;jet_parallax_layout_list&quot;:[]}\">\n\t\t\t\t\t\t<div class=\"elementor-container elementor-column-gap-default\">\n\t\t\t\t\t<div class=\"elementor-column elementor-col-50 elementor-top-column elementor-element elementor-element-44bf7d5\" data-id=\"44bf7d5\" data-element_type=\"column\" data-settings=\"{&quot;background_background&quot;:&quot;classic&quot;}\">\n\t\t\t<div class=\"elementor-widget-wrap elementor-element-populated\">\n\t\t\t\t\t\t\t\t<div class=\"elementor-element elementor-element-d1b9e2b elementor-widget elementor-widget-heading\" data-id=\"d1b9e2b\" data-element_type=\"widget\" data-widget_type=\"heading.default\">\n\t\t\t\t<div class=\"elementor-widget-container\">\n\t\t\t<h2 class=\"elementor-heading-title elementor-size-default\">Din\u00e0mica grupal<\/h2>\t\t<\/div>\n\t\t\t\t<\/div>\n\t\t\t\t<div class=\"elementor-element elementor-element-bfaa385 elementor-widget elementor-widget-heading\" data-id=\"bfaa385\" data-element_type=\"widget\" data-widget_type=\"heading.default\">\n\t\t\t\t<div class=\"elementor-widget-container\">\n\t\t\t<h2 class=\"elementor-heading-title elementor-size-default\">Descobreix el poder del treball en equip<\/h2>\t\t<\/div>\n\t\t\t\t<\/div>\n\t\t\t\t<div class=\"elementor-element elementor-element-110d5ef elementor-widget elementor-widget-text-editor\" data-id=\"110d5ef\" data-element_type=\"widget\" data-widget_type=\"text-editor.default\">\n\t\t\t\t<div class=\"elementor-widget-container\">\n\t\t\t\t\t\t\t<p>En aquestes sessions, constru\u00efm un entorn de suport on et sentir\u00e0s c\u00f2mode\/a per parlar obertament, explorar noves formes de comunicar-te i enfrontar desafiaments emocionals al costat d'altres participants.<\/p><p>En compartir les teves viv\u00e8ncies davant del grup, no nom\u00e9s augmentar\u00e0s el teu nivell d'autoconeixement, sin\u00f3 que tamb\u00e9 descobrir\u00e0s noves perspectives i eines per millorar les relacions interpersonals i el benestar emocional.<\/p><p>Anima't i experimenta el poder transformador del treball en equip a la teva vida personal i emocional.<\/p>\t\t\t\t\t\t<\/div>\n\t\t\t\t<\/div>\n\t\t\t\t<div class=\"elementor-element elementor-element-34087b3 elementor-widget elementor-widget-text-editor\" data-id=\"34087b3\" data-element_type=\"widget\" data-widget_type=\"text-editor.default\">\n\t\t\t\t<div class=\"elementor-widget-container\">\n\t\t\t\t\t\t\t<p>Uneix-te al V\u00edctor \u00c0ngel i comen\u00e7a a descobrir el valor del suport col\u00b7lectiu en el teu cam\u00ed cap a l'autoconeixement i l'autorealitzaci\u00f3.<\/p>\t\t\t\t\t\t<\/div>\n\t\t\t\t<\/div>\n\t\t\t\t\t<\/div>\n\t\t<\/div>\n\t\t\t\t<div class=\"elementor-column elementor-col-50 elementor-top-column elementor-element elementor-element-a6fe0f8\" data-id=\"a6fe0f8\" data-element_type=\"column\" data-settings=\"{&quot;background_background&quot;:&quot;classic&quot;}\">\n\t\t\t<div class=\"elementor-widget-wrap elementor-element-populated\">\n\t\t\t\t\t\t\t\t<div class=\"elementor-element elementor-element-b546608 elementor-widget elementor-widget-image\" data-id=\"b546608\" data-element_type=\"widget\" data-widget_type=\"image.default\">\n\t\t\t\t<div class=\"elementor-widget-container\">\n\t\t\t\t\t\t\t\t\t\t\t\t\t\t\t<img decoding=\"async\" loading=\"lazy\" width=\"756\" height=\"696\" src=\"https:\/\/victor-angel.com\/wp-content\/uploads\/2023\/08\/shutterstock_2089708429-2.png\" class=\"attachment-large size-large wp-image-318\" alt=\"\" srcset=\"https:\/\/victor-angel.com\/wp-content\/uploads\/2023\/08\/shutterstock_2089708429-2.png 756w, https:\/\/victor-angel.com\/wp-content\/uploads\/2023\/08\/shutterstock_2089708429-2-300x276.png 300w\" sizes=\"(max-width: 756px) 100vw, 756px\" \/>\t\t\t\t\t\t\t\t\t\t\t\t\t\t\t<\/div>\n\t\t\t\t<\/div>\n\t\t\t\t\t<\/div>\n\t\t<\/div>\n\t\t\t\t\t\t\t<\/div>\n\t\t<\/section>\n\t\t\t\t\t\t\t<\/div>","protected":false},"excerpt":{"rendered":"<p>Sesiones Los servicios y enfoques terap\u00e9uticos que ofrecemos est\u00e1n dise\u00f1ados para ayudarte a alcanzar el bienestar y la autorrealizaci\u00f3n Nuestro objetivo es proporcionarte las herramientas y el apoyo que necesitaspara desentra\u00f1ar tus emociones, pensamientos y patrones de comportamiento, permiti\u00e9ndote crecer y evolucionar en tu vida personal y profesional. Servicios Trabajo individual Tu espacio para el [&hellip;]<\/p>","protected":false},"author":1,"featured_media":0,"parent":0,"menu_order":0,"comment_status":"closed","ping_status":"closed","template":"elementor_header_footer","meta":{"footnotes":"","_joinchat":[]},"_links":{"self":[{"href":"https:\/\/victor-angel.com\/ca\/wp-json\/wp\/v2\/pages\/293"}],"collection":[{"href":"https:\/\/victor-angel.com\/ca\/wp-json\/wp\/v2\/pages"}],"about":[{"href":"https:\/\/victor-angel.com\/ca\/wp-json\/wp\/v2\/types\/page"}],"author":[{"embeddable":true,"href":"https:\/\/victor-angel.com\/ca\/wp-json\/wp\/v2\/users\/1"}],"replies":[{"embeddable":true,"href":"https:\/\/victor-angel.com\/ca\/wp-json\/wp\/v2\/comments?post=293"}],"version-history":[{"count":106,"href":"https:\/\/victor-angel.com\/ca\/wp-json\/wp\/v2\/pages\/293\/revisions"}],"predecessor-version":[{"id":1055,"href":"https:\/\/victor-angel.com\/ca\/wp-json\/wp\/v2\/pages\/293\/revisions\/1055"}],"wp:attachment":[{"href":"https:\/\/victor-angel.com\/ca\/wp-json\/wp\/v2\/media?parent=293"}],"curies":[{"name":"wp","href":"https:\/\/api.w.org\/{rel}","templated":true}]}}